{"id":2593,"date":"2024-02-07T18:49:16","date_gmt":"2024-02-07T18:49:16","guid":{"rendered":"https:\/?page_id=2593"},"modified":"2024-02-07T18:49:16","modified_gmt":"2024-02-07T18:49:16","slug":"personal-data-protection-kvkk","status":"publish","type":"page","link":"https:\/\/mas-pharma.com\/en\/personal-data-protection-kvkk\/","title":{"rendered":"Personal Data Protection (KVKK)"},"content":{"rendered":"<p>Please submit the below application form, filled out clearly and completely, in accordance with the Personal Data Protection Law (\u201cKVKK\u201d), to ensure the fulfillment of your request to our company, MAS PHARMA \u0130LA\u00c7 SANAY\u0130 \u0130\u00c7 VE DI\u015e T\u0130CARET L\u0130M\u0130TED \u015e\u0130RKET\u0130 (\u201cCompany\u201d).<br \/>\nYour application will be responded to as soon as possible and within a maximum of thirty days, depending on the nature of your request. If the information and documents you provide are incomplete or unclear, we will contact you to clarify your application.<br \/>\nOur company reserves the right to request additional documents and information for identity and authorization verification to eliminate legal risks arising from unlawful and unfair data sharing and especially to ensure the security of your personal data. The company is not liable for any claims arising from incorrect or outdated information provided in your requests or unauthorized applications. You bear all responsibility for legal or regulatory non-compliant, misleading, or incorrect applications. For applications exceeding 10 pages under the Communiqu\u00e9 on Procedures and Principles of Application to the Data Controller, a transaction fee of 1 Turkish Lira will be applied for each page beyond the 10th.<\/p>\n<p><strong>Applications to the Company \u201cin writing\u201d should be made through the following methods:<\/strong><br \/>\n\u2013 In-person application,<br \/>\n\u2013 Through a notary,<br \/>\n\u2013 By sending documents proving the applicant\u2019s identity to our company\u2019s email address.<\/p>\n<p>Below, specific information is provided on how written applications should be delivered to us.<br \/>\n<strong>Application Method:<\/strong><br \/>\n\u2013 In-person application (Applicant visiting the company headquarters with ID proof)<br \/>\n\u2013 Address: Tepe\u00f6ren Mah. Karada\u011f Cad. Gurme Carrefoursa No: 7 \u0130\u00e7 Kap\u0131 No: 1 Tuzla\/Istanbul. The envelope should be labeled \u201cInformation Request Under the Personal Data Protection Law.\u201d<br \/>\n\u2013 Notary notification<br \/>\n<strong>\u2013 Address:<\/strong>\u00a0Tepe\u00f6ren Mah. Karada\u011f Cad. Gurme Carrefoursa No: 7 \u0130\u00e7 Kap\u0131 No: 1 Tuzla\/Istanbul. The notification envelope should be labeled \u201cInformation Request Under the Personal Data Protection Law.\u201d<br \/>\n\u2013 Application via email<br \/>\n\u2013 Email: info@. The subject of the email should read \u201cPersonal Data Protection Law Information Request.\u201d<\/p>\n<p><strong>Personal Data Owner\u2019s Identity and Contact Information:<\/strong><br \/>\n\u2013 Name-Surname:<br \/>\n\u2013 Turkish ID No:<br \/>\n\u2013 Address:<br \/>\n\u2013 Phone Number:<br \/>\n\u2013 Email Address:<\/p>\n<p><strong>Your Relationship with Our Company:<\/strong><br \/>\n\u2013 Please specify.<\/p>\n<p><strong>Description of the Request:<\/strong><br \/>\n\u2013 Please detail your request under the KVKK Law and the personal data involved.<\/p>\n<p><strong>Please choose how you would like to be notified of our response:<\/strong><br \/>\n\u2013 I want it sent to my address.<br \/>\n\u2013 I want it sent to my email address. (Choosing email allows us to respond faster.)<br \/>\n\u2013 I want to receive it personally. (If receiving through proxy, a notarized power of attorney or authorization document is required.)<\/p>\n<p><strong>Applicant (personal data owner) *<\/strong><br \/>\n\u2013 Name Surname:<br \/>\n\u2013 Application Date:<br \/>\n\u2013 Signature:<\/p>\n<p>*Please include documents proving your authority to apply on behalf of someone else (document showing you are the guardian\/curator of the personal data owner, power of attorney, etc.). These documents must be issued or approved by competent authorities to be considered valid.<\/p>\n","protected":false},"excerpt":{"rendered":"<p>Please submit the below application form, filled out clearly and  [&#8230;]<\/p>\n","protected":false},"author":3,"featured_media":0,"parent":0,"menu_order":0,"comment_status":"closed","ping_status":"closed","template":"","meta":{"footnotes":""},"class_list":["post-2593","page","type-page","status-publish","hentry"],"_links":{"self":[{"href":"https:\/\/mas-pharma.com\/en\/wp-json\/wp\/v2\/pages\/2593","targetHints":{"allow":["GET"]}}],"collection":[{"href":"https:\/\/mas-pharma.com\/en\/wp-json\/wp\/v2\/pages"}],"about":[{"href":"https:\/\/mas-pharma.com\/en\/wp-json\/wp\/v2\/types\/page"}],"author":[{"embeddable":true,"href":"https:\/\/mas-pharma.com\/en\/wp-json\/wp\/v2\/users\/3"}],"replies":[{"embeddable":true,"href":"https:\/\/mas-pharma.com\/en\/wp-json\/wp\/v2\/comments?post=2593"}],"version-history":[{"count":1,"href":"https:\/\/mas-pharma.com\/en\/wp-json\/wp\/v2\/pages\/2593\/revisions"}],"predecessor-version":[{"id":2594,"href":"https:\/\/mas-pharma.com\/en\/wp-json\/wp\/v2\/pages\/2593\/revisions\/2594"}],"wp:attachment":[{"href":"https:\/\/mas-pharma.com\/en\/wp-json\/wp\/v2\/media?parent=2593"}],"curies":[{"name":"wp","href":"https:\/\/api.w.org\/{rel}","templated":true}]}}