{"id":2591,"date":"2024-02-07T18:47:16","date_gmt":"2024-02-07T18:47:16","guid":{"rendered":"https:\/?page_id=2591"},"modified":"2024-02-07T18:47:16","modified_gmt":"2024-02-07T18:47:16","slug":"terms-and-conditions","status":"publish","type":"page","link":"https:\/\/mas-pharma.com\/en\/terms-and-conditions\/","title":{"rendered":"Terms and Conditions"},"content":{"rendered":"<p class=\"p1\"><b>Data Processing and Privacy Statement<\/b><\/p>\n<p class=\"p1\">This document is prepared by MAS PHARMA \u0130LA\u00c7 SANAY\u0130 \u0130\u00c7 VE DI\u015e T\u0130CARET L\u0130M\u0130TED \u015e\u0130RKET\u0130, operating at Tepe\u00f6ren Mah. Karada\u011f Cad. Gurme Carrefoursa No: 7 \u0130\u00e7 Kap\u0131 No: 1 Tuzla\/Istanbul. It aims to inform and enlighten Users (Members and Visitors) registered on https: (the Site), and others who access the Site. The statement covers the terms and conditions related to the use of data obtained or to be obtained from Users via the Site, along with the methods of data processing.<\/p>\n<p class=\"p1\">The Company collects personal data through various means including the Site, social media accounts, email, postal service, call center, fax, and notifications from administrative and judicial authorities. This collection is done audibly, electronically, or in writing, following the personal data processing conditions outlined in the Law and for the legal reasons and purposes stated in this text.<\/p>\n<p class=\"p1\">Cookies are used by the Company during Users\u2019 visits to the Site as part of the services offered. For more detailed information on cookie usage, please review our Cookie Policy.<\/p>\n<p class=\"p1\"><b>\u00a0<\/b><\/p>\n<p class=\"p1\"><b>1 \u2013 Related Person, Data Categories, and Types of Data<\/b><\/p>\n<p class=\"p1\"><b>Member<\/b><\/p>\n<p>\u2013 Identity Information: Name, surname, T.C.K Number, date of birth.<\/p>\n<p>\u2013 Customer Transaction: Order information.<\/p>\n<p>\u2013 Contact Information: Username, email address, phone number, residence address, the country and city of residence.<\/p>\n<p>\u2013 Transaction Security: IP address, ID information, log transactions, website entry and exit information, password and password information, date and time of transaction.<\/p>\n<p>\u2013 Marketing: Site navigation information, past usage information, shopping\/campaign response information, hobbies, shopping preferences, other cookie records collected through the company by third-party cookie owners.<\/p>\n<p>\u2013 Location Information: Information about the location from where the platforms are accessed.<\/p>\n<p>Visitor<\/p>\n<p>\u2013 Identity Information: Gender, age group.<\/p>\n<p>\u2013 Transaction Security: IP address, ID information, log transactions, website entry and exit information, date and time of transaction.<\/p>\n<p>\u2013 Location Information: Information about the location from where the platforms are accessed.<\/p>\n<p>\u2013 Marketing: Site navigation information, past usage information, shopping\/campaign response information, hobbies, shopping preferences, other cookie records collected through the company by third-party cookie owners.<\/p>\n<p class=\"p1\"><b>\u00a0<\/b><\/p>\n<p class=\"p1\"><b>2 \u2013 Legal Reasons<\/b><\/p>\n<p class=\"p1\">The personal data mentioned above, subject to disclosure to the company by data owners, can be processed in line with the conditions and principles stated in Article 4 of the Law and repeated in this Text. Processing will be within the personal data processing conditions stated in Articles 5 and 6 of the Law, for the purposes listed below. The legal reasons for each data category are explicitly stated below:<\/p>\n<p class=\"p1\"><strong>Member<\/strong><\/p>\n<p class=\"p1\">\u2013 Identity Information<\/p>\n<p class=\"p1\">\u2013 Contact Information<\/p>\n<p class=\"p1\">\u00a0 \u2013 Necessary for the processing of personal data of the parties of a contract, directly related to the establishment or performance of the contract,<\/p>\n<p class=\"p1\">\u00a0 \u2013 Necessary for data processing for the establishment, exercise, or protection of a right.<\/p>\n<p class=\"p1\">\u2013 Customer Transaction<\/p>\n<p class=\"p1\">\u2013 Transaction Security<\/p>\n<p class=\"p1\">\u2013 Location<\/p>\n<p class=\"p1\">\u00a0 \u2013 Explicitly provided for by laws,<\/p>\n<p class=\"p1\">\u00a0 \u2013 Necessary for the processing of personal data of the parties of a contract, directly related to the establishment or performance of the contract,<\/p>\n<p class=\"p1\">\u00a0 \u2013 Necessary for the company to fulfill a legal obligation,<\/p>\n<p class=\"p1\">\u00a0 \u2013 Necessary for data processing for the establishment, exercise, or protection of a right.<\/p>\n<p class=\"p1\">\u2013 Marketing<\/p>\n<p class=\"p1\">\u00a0 \u2013 Necessary for data processing for the legitimate interests of the Company, provided that it does not harm the fundamental rights and freedoms of the data subject,<\/p>\n<p class=\"p1\">\u00a0 \u2013 Made public by the data subject.<\/p>\n<p class=\"p2\"><b>Visitor<\/b><\/p>\n<p class=\"p2\">\u2013 Identity Information<\/p>\n<p class=\"p2\">\u2013 Transaction Security<\/p>\n<p class=\"p2\">\u2013 Location Information<\/p>\n<p class=\"p2\">\u2013 Marketing<\/p>\n<p class=\"p2\"><b>The processing of data in these categories is necessary for the following legal reasons:<\/b><\/p>\n<p class=\"p2\">1. To fulfill the legal obligations of the Company.<\/p>\n<p class=\"p2\">2. To process data for the legitimate interests of the Company, provided that it does not harm the fundamental rights and freedoms of the data subject.<\/p>\n<p class=\"p2\">3. When the data subject has made the data public themselves.<\/p>\n<p class=\"p2\"><b>3 \u2013 Purposes for Processing Personal Data<\/b><\/p>\n<p class=\"p2\">Under this Text, personal data mentioned in Article 2 is processed for the following purposes in accordance with the general conditions specified in this Text:<\/p>\n<p class=\"p2\"><b>Member<\/b><\/p>\n<p class=\"p2\">\u2013 Identity Information<\/p>\n<p class=\"p2\">\u2013 Contact Information<\/p>\n<p class=\"p2\">\u00a0 \u2013 Execution of information security processes<\/p>\n<p class=\"p2\">\u00a0 \u2013 Conducting audit\/ethics activities<\/p>\n<p class=\"p2\">\u00a0 \u2013 Execution of access permissions<\/p>\n<p class=\"p2\">\u00a0 \u2013 Following and conducting legal affairs<\/p>\n<p class=\"p2\">\u00a0 \u2013 Conducting communication activities<\/p>\n<p class=\"p2\">\u00a0 \u2013 Creating surveys for customer satisfaction<\/p>\n<p class=\"p2\">\u00a0 \u2013 Conducting contract processes<\/p>\n<p class=\"p2\">\u00a0 \u2013 Managing requests and complaints<\/p>\n<p class=\"p2\">\u00a0 \u2013 Executing marketing processes for products\/services<\/p>\n<p class=\"p2\">\u00a0 \u2013 Registration and account creation<\/p>\n<p class=\"p2\">\u00a0 \u2013 Enabling Data Subject to benefit from the services provided on the Platform<\/p>\n<p class=\"p2\">\u00a0 \u2013 Detecting system errors and monitoring performance<\/p>\n<p class=\"p2\">\u00a0 \u2013 Improving the operation of the Platform<\/p>\n<p class=\"p2\">\u00a0 \u2013 Provision of maintenance and support services and backup services<\/p>\n<p class=\"p2\">\u00a0 \u2013 Conducting necessary studies by business units and carrying out related business processes to benefit relevant persons from products and services offered by https:<\/p>\n<p class=\"p2\">\u00a0 \u2013 Planning and executing activities necessary for customizing and recommending products and services to relevant persons according to their preferences, usage habits, and needs<\/p>\n<p class=\"p2\"><b>Customer Transaction<\/b><\/p>\n<p class=\"p2\">\u2013 Transaction Security<\/p>\n<p class=\"p2\">\u2013 Location<\/p>\n<p class=\"p2\">\u00a0 \u2013 Execution of information security processes<\/p>\n<p class=\"p2\">\u00a0 \u2013 Conducting audit\/ethics activities<\/p>\n<p class=\"p2\">\u00a0 \u2013 Execution of access permissions<\/p>\n<p class=\"p2\">\u00a0 \u2013 Compliance with regulations in operations<\/p>\n<p class=\"p2\">\u00a0 \u2013 Following and conducting legal affairs<\/p>\n<p class=\"p2\">\u00a0 \u2013 Conducting Logistics Activities<\/p>\n<p class=\"p2\">\u00a0 \u2013 Providing information to authorized individuals, institutions, and organizations<\/p>\n<p class=\"p2\">\u00a0 \u2013 Conducting communication activities<\/p>\n<p class=\"p2\">\u00a0 \u2013 Conducting contract processes<\/p>\n<p class=\"p2\"><b>Marketing<\/b><\/p>\n<p class=\"p2\">\u00a0 \u2013 Executing loyalty processes for company products\/services<\/p>\n<p class=\"p2\">\u00a0 \u2013 Conducting activities for ensuring business continuity<\/p>\n<p class=\"p2\">\u00a0 \u2013 Executing activities aimed at customer satisfaction<\/p>\n<p class=\"p2\">\u00a0 \u2013 Conducting marketing analysis studies<\/p>\n<p class=\"p2\">\u00a0 \u2013 Execution of advertising, campaign, and promotion processes<\/p>\n<p class=\"p2\">\u00a0 \u2013 Executing marketing processes for products\/services<\/p>\n<p class=\"p2\"><b>Visitor<\/b><\/p>\n<p class=\"p2\">\u2013 Identity Information<\/p>\n<p class=\"p2\">\u2013 Transaction Security<\/p>\n<p class=\"p2\">\u2013 Location Information<\/p>\n<p class=\"p2\">\u2013 Marketing<\/p>\n<p class=\"p2\">\u00a0 \u2013 Executing loyalty processes for company products\/services<\/p>\n<p class=\"p2\">\u00a0 \u2013 Conducting communication activities<\/p>\n<p class=\"p2\">\u00a0 \u2013 Conducting activities for ensuring business continuity<\/p>\n<p class=\"p2\">\u00a0 \u2013 Executing activities aimed at customer satisfaction<\/p>\n<p class=\"p2\">\u00a0 \u2013 Conducting marketing analysis studies<\/p>\n<p class=\"p2\">\u00a0 \u2013 Execution of advertising, campaign, and promotion processes<\/p>\n<p class=\"p2\">\u00a0 \u2013 Executing marketing processes for products\/services<\/p>\n<p class=\"p2\"><b>4 \u2013 Transfer of Personal Data<\/b><\/p>\n<p class=\"p2\">The Company may transfer personal data obtained from data subjects and new data generated by using these personal data to its domestic servers and suppliers in order to perform the services provided through the Company\u2019s Platforms and to fulfill the obligations declared in the Text. The Company may also transfer personal data of data subjects to third parties such as external service providers, hosting service providers (hosting services), law offices, research companies, call centers for the following purposes:<\/p>\n<p class=\"p2\">\u2013 https: may share with third parties, including SMS senders, external service providers, hosting service providers (hosting services), law offices, research companies, call centers, for the purposes of improving the Data Subject experience (including improvement and personalization), ensuring the security of Data Subject, detecting fraudulent or unauthorized usage, operational evaluation research, rectifying errors related to Platform services, and for any purpose stated in this Privacy Policy.<\/p>\n<p class=\"p2\">\u2013 Personal data can be shared with Mas Pharma Kozmetik Anonim \u015eirketi Company officials, shareholders, our business partners, our suppliers, legally authorized public institutions and organizations, and legally authorized private institutions within the framework of personal data processing conditions and purposes stated in Articles 8 and 9 of the Law, and can be transferred abroad within the limits of the purposes specified, in accordance with the procedures and principles stated in Law Article 9 and the decisions of the Personal Data Protection Board.<\/p>\n<p class=\"p2\"><b>Member<\/b><\/p>\n<p class=\"p2\">\u2013 For the purposes of compliance with legislation, following and conducting legal affairs, and providing information to authorized public institutions and organizations, sharing of identity, contact, and transaction security information;<\/p>\n<p class=\"p2\">\u2013 Conducting communication activities<\/p>\n<p class=\"p2\">\u2013 Sharing with suppliers used in business processes for the purpose of conducting business activities and control<\/p>\n<p class=\"p2\">\u2013 Conducting marketing analysis studies<\/p>\n<p class=\"p2\">\u2013 Conducting Logistics Activities<\/p>\n<p class=\"p2\">\u2013 Conducting After-Sales Support Services for Goods\/Services<\/p>\n<p class=\"p2\">\u2013 Execution of advertising, campaign, and promotion processes<\/p>\n<p class=\"p2\">\u2013 Sharing information with storage service providers for the purpose of conducting storage and archive activities;<\/p>\n<p class=\"p2\">\u2013 Conducting Supply Chain Management Processes<\/p>\n<p class=\"p2\">\u2013 Improving Data Subject\u2019s experience (including improvement and personalization)<\/p>\n<p class=\"p2\">\u2013 Ensuring the security of Data Subject, detecting fraudulent or unauthorized usage<\/p>\n<p class=\"p2\">\u2013 Operational evaluation research<\/p>\n<p class=\"p2\">\u2013 Rectifying errors related to Platform services<\/p>\n<p class=\"p2\">\u2013 Defining member profiles<\/p>\n<p class=\"p2\">\u2013 Geographically and demographically defining member profiles<\/p>\n<p class=\"p2\"><b>Visitor<\/b><\/p>\n<p class=\"p2\">\u2013 Conducting marketing analysis studies<\/p>\n<p class=\"p2\">\u2013 Execution of advertising, campaign, and promotion processes<\/p>\n<p class=\"p2\">\u2013 Sharing information with storage service providers for the purpose of conducting storage and archive activities;<\/p>\n<p class=\"p2\">\u2013 Sharing site usage preferences and browsing history with suppliers for segmentation purposes.<\/p>\n<p class=\"p2\">\u2013 Ensuring the security of the Data Subject, detecting fraudulent or unauthorized uses<\/p>\n<p class=\"p2\">\u2013 Rectifying errors related to Platform services<\/p>\n<p class=\"p2\">\u2013 Defining visitor profiles<\/p>\n<p class=\"p2\">\u2013 Geographically and demographically defining visitor profiles<\/p>\n<p class=\"p2\"><b>5 \u2013 Rights of the Related Person<\/b><\/p>\n<p class=\"p2\">As personal data owners, you can exercise your rights over your personal data by filling out the \u201cRelated Person Application Form\u201d. You can submit your requests for necessary modifications, updates, and\/or deletions through the Company\u2019s email address info@ with a secure electronic signature, through your personal email address, or by written application in person or through a notary to the Company\u2019s address at Tepe\u00f6ren Mah. Karada\u011f Cad. Gurme Carrefoursa No: 7 Inner Door No: 1 Tuzla\/Istanbul. Upon receiving your requests through these methods, the Company will conclude your request as soon as possible and at the latest within thirty days without charge. However, if the process requires an additional cost, a fee determined by the Personal Data Protection Board will be charged by the Company. In this context, personal data owners have the right to:<\/p>\n<p class=\"p2\">\u2013 Learn whether their personal data is processed,<\/p>\n<p class=\"p2\">\u2013 Request information if their personal data has been processed,<\/p>\n<p class=\"p2\">\u2013 Know the purpose of processing personal data and whether they are used appropriately for their purpose,<\/p>\n<p class=\"p2\">\u2013 Be informed about third parties in domestic or foreign countries to whom personal data is transferred,<\/p>\n<p class=\"p2\">\u2013 Request correction of personal data if processed incompletely or inaccurately and request notification of these corrections to third parties to whom personal data has been transferred,<\/p>\n<p class=\"p2\">\u2013 Request the deletion or destruction of personal data within the framework of the conditions provided in Article 7 of the Law and request notification of these procedures to third parties to whom personal data has been transferred,<\/p>\n<p class=\"p2\">\u2013 Request notification to third parties of processes carried out in accordance with clauses (d) and (e),<\/p>\n<p class=\"p2\">\u2013 Object to outcomes against themselves due to the analysis of processed data solely through automated systems,<\/p>\n<p class=\"p2\">\u2013 Request compensation for damages due to the unlawful processing of personal data.<\/p>\n<p class=\"p2\">To exercise your rights as a personal data owner, your application should include explanations regarding the right you wish to exercise; it should be clear and understandable, related to you personally or, if acting on behalf of someone else, you should be specifically authorized and provide documentation of this authority. The application must include your identity and address information, and documents verifying your identity must be attached.<\/p>\n<p class=\"p2\"><b>6 \u2013 Changes to the Text<\/b><\/p>\n<p class=\"p2\">The Company may make changes to this Text at any time. These changes become effective immediately upon the publication of the revised text. You will be informed about the changes in this Text as necessary.<\/p>\n","protected":false},"excerpt":{"rendered":"<p>Data Processing and Privacy Statement This document is prepared by  [&#8230;]<\/p>\n","protected":false},"author":3,"featured_media":0,"parent":0,"menu_order":0,"comment_status":"closed","ping_status":"closed","template":"","meta":{"footnotes":""},"class_list":["post-2591","page","type-page","status-publish","hentry"],"_links":{"self":[{"href":"https:\/\/mas-pharma.com\/en\/wp-json\/wp\/v2\/pages\/2591","targetHints":{"allow":["GET"]}}],"collection":[{"href":"https:\/\/mas-pharma.com\/en\/wp-json\/wp\/v2\/pages"}],"about":[{"href":"https:\/\/mas-pharma.com\/en\/wp-json\/wp\/v2\/types\/page"}],"author":[{"embeddable":true,"href":"https:\/\/mas-pharma.com\/en\/wp-json\/wp\/v2\/users\/3"}],"replies":[{"embeddable":true,"href":"https:\/\/mas-pharma.com\/en\/wp-json\/wp\/v2\/comments?post=2591"}],"version-history":[{"count":1,"href":"https:\/\/mas-pharma.com\/en\/wp-json\/wp\/v2\/pages\/2591\/revisions"}],"predecessor-version":[{"id":2592,"href":"https:\/\/mas-pharma.com\/en\/wp-json\/wp\/v2\/pages\/2591\/revisions\/2592"}],"wp:attachment":[{"href":"https:\/\/mas-pharma.com\/en\/wp-json\/wp\/v2\/media?parent=2591"}],"curies":[{"name":"wp","href":"https:\/\/api.w.org\/{rel}","templated":true}]}}